{"id":8376,"date":"2024-04-30T15:50:30","date_gmt":"2024-04-30T12:50:30","guid":{"rendered":"https:\/\/cntetkinlik.com\/etkinlikler\/"},"modified":"2024-08-09T12:08:38","modified_gmt":"2024-08-09T09:08:38","slug":"events","status":"publish","type":"page","link":"https:\/\/cntetkinlik.com\/en\/events\/","title":{"rendered":"Events"},"content":{"rendered":"<section class=\"l-section wpb_row height_custom\"><div class=\"l-section-h i-cf\"><div class=\"g-cols vc_row via_grid cols_1 laptops-cols_inherit tablets-cols_inherit mobiles-cols_1 valign_top type_default stacking_default\"><div class=\"wpb_column vc_column_container\"><div class=\"vc_column-inner\"><div class=\"w-grid type_grid layout_8020 cols_3 ratio_1x1\" id=\"us_grid_1\" style=\"--gap:1.1rem;\" data-filterable=\"true\"><style>@media (max-width:1024px){#us_grid_1 .w-grid-item{width:50%}#us_grid_1 .w-grid-item.size_2x1,#us_grid_1 .w-grid-item.size_2x2{width:100%}}@media (max-width:600px){#us_grid_1 .w-grid-list{margin:0}#us_grid_1 .w-grid-item{width:100%;padding:0;margin-bottom:var(--gap,0px)}}.layout_8020 .w-grid-item-h:before{padding-bottom:100%}@media (min-width:601px){.layout_8020 .w-grid-item.size_1x2 .w-grid-item-h:before{padding-bottom:calc(200% + var(--gap,0px) * 2)}.layout_8020 .w-grid-item.size_2x1 .w-grid-item-h:before{padding-bottom:calc(50% - var(--gap,0px) * 1)}.layout_8020 .w-grid-item.size_2x2 .w-grid-item-h:before{padding-bottom:calc(100% - var(--gap,0px) * 0)}}.layout_8020 .w-grid-item-h{background:#333}.layout_8020 .usg_post_image_1{transition-duration:0.35s;transform-origin:50% 50%;transform:scale(1) translate(0%,0%)}.layout_8020 .w-grid-item-h:hover .usg_post_image_1{transform:scale(1.1) translate(0%,0%);opacity:0.1}.layout_8020 .usg_post_image_1{position:absolute!important;top:0!important;right:0!important;bottom:0!important;left:0!important}.layout_8020 .usg_vwrapper_1{position:absolute!important;right:0!important;bottom:0!important;left:0!important;background:linear-gradient(transparent,rgba(30,30,30,0.8))!important;padding:4rem 2rem 1.5rem 2rem!important}.layout_8020 .usg_post_title_1{color:#fff!important;font-size:1.2rem!important}.layout_8020 .usg_post_custom_field_1{color:#ffffff!important;font-weight:700!important;margin-bottom:15px!important;padding-bottom:15px!important;border-bottom-width:1px!important;border-color:#ffffff!important;border-bottom-style:solid!important}.layout_8020 .usg_post_custom_field_2{color:#ffffff!important;margin-top:15px!important;padding-top:15px!important;border-top-width:1px!important;border-color:#ffffff!important;border-top-style:solid!important}<\/style><div class=\"w-grid-list\">\t<article class=\"w-grid-item size_1x1 post-8544 us_portfolio type-us_portfolio status-publish has-post-thumbnail hentry\" data-id=\"8544\">\r\n\t\t<div class=\"w-grid-item-h\">\r\n\t\t\t\t\t\t\t<a href=\"https:\/\/cntetkinlik.com\/en\/etkinlik\/international-koru-pregnancy-childbirth-and-puerperium-congress\/\" class=\"w-grid-item-anchor\" aria-label=\"International Koru Pregnancy, Childbirth and Puerperium Congress\"><\/a>\r\n\t\t\t\t\t\t<div class=\"w-post-elm post_image usg_post_image_1 stretched\"><img loading=\"lazy\" decoding=\"async\" width=\"800\" height=\"800\" src=\"https:\/\/cntetkinlik.com\/wp-content\/uploads\/2025\/01\/koru-gebelik-kongresi-img.jpg\" class=\"attachment-large size-large wp-post-image\" alt=\"\" srcset=\"https:\/\/cntetkinlik.com\/wp-content\/uploads\/2025\/01\/koru-gebelik-kongresi-img.jpg 800w, https:\/\/cntetkinlik.com\/wp-content\/uploads\/2025\/01\/koru-gebelik-kongresi-img-300x300.jpg 300w, https:\/\/cntetkinlik.com\/wp-content\/uploads\/2025\/01\/koru-gebelik-kongresi-img-150x150.jpg 150w\" sizes=\"auto, (max-width: 800px) 100vw, 800px\" \/><\/div><div class=\"w-vwrapper usg_vwrapper_1 align_none valign_top\"><div class=\"w-post-elm post_custom_field usg_post_custom_field_1 has_text_color type_text baslik_metin color_link_inherit\"><span class=\"w-post-elm-value\">April 23-26, 2025<\/span><\/div><h2 class=\"w-post-elm post_title usg_post_title_1 has_text_color entry-title color_link_inherit\">International Koru Pregnancy, Childbirth and Puerperium Congress<\/h2><div class=\"w-post-elm post_custom_field usg_post_custom_field_2 has_text_color type_text ingilizce_baslik color_link_inherit\"><span class=\"w-post-elm-value\">Uluslararas\u0131 Koru Gebelik, Do\u011fum ve Lohusal\u0131k Kongresi<\/span><\/div><\/div>\t\t<\/div>\r\n\t\t\t<\/article>\r\n\t<article class=\"w-grid-item size_1x1 post-8542 us_portfolio type-us_portfolio status-publish has-post-thumbnail hentry\" data-id=\"8542\">\r\n\t\t<div class=\"w-grid-item-h\">\r\n\t\t\t\t\t\t\t<a href=\"https:\/\/cntetkinlik.com\/en\/etkinlik\/eastern-mediterranean-career-fair-2024-successfully-completed\/\" class=\"w-grid-item-anchor\" aria-label=\"Eastern Mediterranean Career Fair 2024 Successfully Completed!\"><\/a>\r\n\t\t\t\t\t\t<div class=\"w-post-elm post_image usg_post_image_1 stretched\"><img loading=\"lazy\" decoding=\"async\" width=\"800\" height=\"800\" src=\"https:\/\/cntetkinlik.com\/wp-content\/uploads\/2025\/01\/daf-kapak.jpg\" class=\"attachment-large size-large wp-post-image\" alt=\"\" srcset=\"https:\/\/cntetkinlik.com\/wp-content\/uploads\/2025\/01\/daf-kapak.jpg 800w, https:\/\/cntetkinlik.com\/wp-content\/uploads\/2025\/01\/daf-kapak-300x300.jpg 300w, https:\/\/cntetkinlik.com\/wp-content\/uploads\/2025\/01\/daf-kapak-150x150.jpg 150w\" sizes=\"auto, (max-width: 800px) 100vw, 800px\" \/><\/div><div class=\"w-vwrapper usg_vwrapper_1 align_none valign_top\"><h2 class=\"w-post-elm post_title usg_post_title_1 has_text_color entry-title color_link_inherit\">Eastern Mediterranean Career Fair 2024 Successfully Completed!<\/h2><div class=\"w-post-elm post_custom_field usg_post_custom_field_2 has_text_color type_text ingilizce_baslik color_link_inherit\"><span class=\"w-post-elm-value\">Cumhurba\u015fkanl\u0131\u011f\u0131 \u0130nsan Kaynaklar\u0131 Ofisi Taraf\u0131ndan D\u00fczenlenen  Do\u011fu Akdeniz Kariyer Fuar\u0131 2024 Ba\u015far\u0131yla Tamamland\u0131!<\/span><\/div><\/div>\t\t<\/div>\r\n\t\t\t<\/article>\r\n\t<article class=\"w-grid-item size_1x1 post-8576 us_portfolio type-us_portfolio status-publish has-post-thumbnail hentry\" data-id=\"8576\">\r\n\t\t<div class=\"w-grid-item-h\">\r\n\t\t\t\t\t\t\t<a href=\"https:\/\/cntetkinlik.com\/en\/etkinlik\/congress-of-the-organization-of-turkic-states-a-unique-event-organized-by-cnt\/\" class=\"w-grid-item-anchor\" aria-label=\"Congress of the Organization of Turkic States: A Unique Event Organized by CNT\"><\/a>\r\n\t\t\t\t\t\t<div class=\"w-post-elm post_image usg_post_image_1 stretched\"><img loading=\"lazy\" decoding=\"async\" width=\"800\" height=\"800\" src=\"https:\/\/cntetkinlik.com\/wp-content\/uploads\/2025\/01\/turk-teskilati-kongresi-img.jpg\" class=\"attachment-large size-large wp-post-image\" alt=\"\" srcset=\"https:\/\/cntetkinlik.com\/wp-content\/uploads\/2025\/01\/turk-teskilati-kongresi-img.jpg 800w, https:\/\/cntetkinlik.com\/wp-content\/uploads\/2025\/01\/turk-teskilati-kongresi-img-300x300.jpg 300w, https:\/\/cntetkinlik.com\/wp-content\/uploads\/2025\/01\/turk-teskilati-kongresi-img-150x150.jpg 150w\" sizes=\"auto, (max-width: 800px) 100vw, 800px\" \/><\/div><div class=\"w-vwrapper usg_vwrapper_1 align_none valign_top\"><h2 class=\"w-post-elm post_title usg_post_title_1 has_text_color entry-title color_link_inherit\">Congress of the Organization of Turkic States: A Unique Event Organized by CNT<\/h2><div class=\"w-post-elm post_custom_field usg_post_custom_field_2 has_text_color type_text ingilizce_baslik color_link_inherit\"><span class=\"w-post-elm-value\">T\u00fcrk Devletleri Te\u015fkilat\u0131 Kongresi: CNT\u2019nin D\u00fczenledi\u011fi E\u015fsiz Etkinlik<\/span><\/div><\/div>\t\t<\/div>\r\n\t\t\t<\/article>\r\n\t<article class=\"w-grid-item size_1x1 post-8508 us_portfolio type-us_portfolio status-publish has-post-thumbnail hentry\" data-id=\"8508\">\r\n\t\t<div class=\"w-grid-item-h\">\r\n\t\t\t\t\t\t\t<a href=\"https:\/\/cntetkinlik.com\/en\/etkinlik\/model-satellite-competition-high-flights-with-cnt-event\/\" class=\"w-grid-item-anchor\" aria-label=\"Model Satellite Competition &#8211; High Flights with CNT Event\"><\/a>\r\n\t\t\t\t\t\t<div class=\"w-post-elm post_image usg_post_image_1 stretched\"><img loading=\"lazy\" decoding=\"async\" width=\"800\" height=\"800\" src=\"https:\/\/cntetkinlik.com\/wp-content\/uploads\/2025\/01\/model-uygu-kapak.jpg\" class=\"attachment-large size-large wp-post-image\" alt=\"\" srcset=\"https:\/\/cntetkinlik.com\/wp-content\/uploads\/2025\/01\/model-uygu-kapak.jpg 800w, https:\/\/cntetkinlik.com\/wp-content\/uploads\/2025\/01\/model-uygu-kapak-300x300.jpg 300w, https:\/\/cntetkinlik.com\/wp-content\/uploads\/2025\/01\/model-uygu-kapak-150x150.jpg 150w\" sizes=\"auto, (max-width: 800px) 100vw, 800px\" \/><\/div><div class=\"w-vwrapper usg_vwrapper_1 align_none valign_top\"><h2 class=\"w-post-elm post_title usg_post_title_1 has_text_color entry-title color_link_inherit\">Model Satellite Competition &#8211; High Flights with CNT Event<\/h2><div class=\"w-post-elm post_custom_field usg_post_custom_field_2 has_text_color type_text ingilizce_baslik color_link_inherit\"><span class=\"w-post-elm-value\">T\u00fcrksat Teknofest Model Uydu Yar\u0131\u015fmas\u0131 \u2013 CNT Etkinlik ile Y\u00fcksek U\u00e7u\u015flar<\/span><\/div><\/div>\t\t<\/div>\r\n\t\t\t<\/article>\r\n\t<article class=\"w-grid-item size_1x1 post-8596 us_portfolio type-us_portfolio status-publish has-post-thumbnail hentry\" data-id=\"8596\">\r\n\t\t<div class=\"w-grid-item-h\">\r\n\t\t\t\t\t\t\t<a href=\"https:\/\/cntetkinlik.com\/en\/etkinlik\/ankara-chamber-of-industrys-technological-development-index-of-provinces-event\/\" class=\"w-grid-item-anchor\" aria-label=\"Ankara Chamber of Industry&#8217;s Technological Development Index of Provinces Event\"><\/a>\r\n\t\t\t\t\t\t<div class=\"w-post-elm post_image usg_post_image_1 stretched\"><img loading=\"lazy\" decoding=\"async\" width=\"800\" height=\"800\" src=\"https:\/\/cntetkinlik.com\/wp-content\/uploads\/2025\/01\/aso-img-01.jpg\" class=\"attachment-large size-large wp-post-image\" alt=\"\" srcset=\"https:\/\/cntetkinlik.com\/wp-content\/uploads\/2025\/01\/aso-img-01.jpg 800w, https:\/\/cntetkinlik.com\/wp-content\/uploads\/2025\/01\/aso-img-01-300x300.jpg 300w, https:\/\/cntetkinlik.com\/wp-content\/uploads\/2025\/01\/aso-img-01-150x150.jpg 150w\" sizes=\"auto, (max-width: 800px) 100vw, 800px\" \/><\/div><div class=\"w-vwrapper usg_vwrapper_1 align_none valign_top\"><h2 class=\"w-post-elm post_title usg_post_title_1 has_text_color entry-title color_link_inherit\">Ankara Chamber of Industry&#8217;s Technological Development Index of Provinces Event<\/h2><div class=\"w-post-elm post_custom_field usg_post_custom_field_2 has_text_color type_text ingilizce_baslik color_link_inherit\"><span class=\"w-post-elm-value\">Ankara Sanayi Odas\u0131\u2019n\u0131n \u0130llerin Teknolojik Geli\u015fmi\u015flik Endeksi Etkinli\u011fi<\/span><\/div><\/div>\t\t<\/div>\r\n\t\t\t<\/article>\r\n\t<article class=\"w-grid-item size_1x1 post-8557 us_portfolio type-us_portfolio status-publish has-post-thumbnail hentry\" data-id=\"8557\">\r\n\t\t<div class=\"w-grid-item-h\">\r\n\t\t\t\t\t\t\t<a href=\"https:\/\/cntetkinlik.com\/en\/etkinlik\/tanap-yillik-degerlendirme-toplantisi-basariyla-tamamlandi\/\" class=\"w-grid-item-anchor\" aria-label=\"TANAP Annual Evaluation Meeting Successfully Completed!\"><\/a>\r\n\t\t\t\t\t\t<div class=\"w-post-elm post_image usg_post_image_1 stretched\"><img loading=\"lazy\" decoding=\"async\" width=\"800\" height=\"800\" src=\"https:\/\/cntetkinlik.com\/wp-content\/uploads\/2025\/01\/tanap-img.jpg\" class=\"attachment-large size-large wp-post-image\" alt=\"\" srcset=\"https:\/\/cntetkinlik.com\/wp-content\/uploads\/2025\/01\/tanap-img.jpg 800w, https:\/\/cntetkinlik.com\/wp-content\/uploads\/2025\/01\/tanap-img-300x300.jpg 300w, https:\/\/cntetkinlik.com\/wp-content\/uploads\/2025\/01\/tanap-img-150x150.jpg 150w\" sizes=\"auto, (max-width: 800px) 100vw, 800px\" \/><\/div><div class=\"w-vwrapper usg_vwrapper_1 align_none valign_top\"><h2 class=\"w-post-elm post_title usg_post_title_1 has_text_color entry-title color_link_inherit\">TANAP Annual Evaluation Meeting Successfully Completed!<\/h2><div class=\"w-post-elm post_custom_field usg_post_custom_field_2 has_text_color type_text ingilizce_baslik color_link_inherit\"><span class=\"w-post-elm-value\">TANAP Y\u0131ll\u0131k De\u011ferlendirme Toplant\u0131s\u0131  Ba\u015far\u0131yla Tamamland\u0131!<\/span><\/div><\/div>\t\t<\/div>\r\n\t\t\t<\/article>\r\n\t<article class=\"w-grid-item size_1x1 post-8582 us_portfolio type-us_portfolio status-publish has-post-thumbnail hentry\" data-id=\"8582\">\r\n\t\t<div class=\"w-grid-item-h\">\r\n\t\t\t\t\t\t\t<a href=\"https:\/\/cntetkinlik.com\/en\/etkinlik\/maidan-open-air-concerts-with-cnt-ekinlik\/\" class=\"w-grid-item-anchor\" aria-label=\"Maidan Open Air Concerts with CNT Ekinlik\"><\/a>\r\n\t\t\t\t\t\t<div class=\"w-post-elm post_image usg_post_image_1 stretched\"><img loading=\"lazy\" decoding=\"async\" width=\"800\" height=\"800\" src=\"https:\/\/cntetkinlik.com\/wp-content\/uploads\/2025\/01\/maidan-konserler-img.jpg\" class=\"attachment-large size-large wp-post-image\" alt=\"\" srcset=\"https:\/\/cntetkinlik.com\/wp-content\/uploads\/2025\/01\/maidan-konserler-img.jpg 800w, https:\/\/cntetkinlik.com\/wp-content\/uploads\/2025\/01\/maidan-konserler-img-300x300.jpg 300w, https:\/\/cntetkinlik.com\/wp-content\/uploads\/2025\/01\/maidan-konserler-img-150x150.jpg 150w\" sizes=\"auto, (max-width: 800px) 100vw, 800px\" \/><\/div><div class=\"w-vwrapper usg_vwrapper_1 align_none valign_top\"><h2 class=\"w-post-elm post_title usg_post_title_1 has_text_color entry-title color_link_inherit\">Maidan Open Air Concerts with CNT Ekinlik<\/h2><div class=\"w-post-elm post_custom_field usg_post_custom_field_2 has_text_color type_text ingilizce_baslik color_link_inherit\"><span class=\"w-post-elm-value\">CNT Ekinlik ile Maidan A\u00e7\u0131k Hava Konserleri<\/span><\/div><\/div>\t\t<\/div>\r\n\t\t\t<\/article>\r\n\t<article class=\"w-grid-item size_1x1 post-8490 us_portfolio type-us_portfolio status-publish has-post-thumbnail hentry\" data-id=\"8490\">\r\n\t\t<div class=\"w-grid-item-h\">\r\n\t\t\t\t\t\t\t<a href=\"https:\/\/cntetkinlik.com\/en\/etkinlik\/27th-international-agriculture-fair-innovative-solutions-and-success-with-cnt-event\/\" class=\"w-grid-item-anchor\" aria-label=\"27th International Agriculture Fair &#8211; Innovative Solutions and Success with CNT Event\"><\/a>\r\n\t\t\t\t\t\t<div class=\"w-post-elm post_image usg_post_image_1 stretched\"><img loading=\"lazy\" decoding=\"async\" width=\"800\" height=\"800\" src=\"https:\/\/cntetkinlik.com\/wp-content\/uploads\/2025\/01\/tarim-fuari-kapak.jpg\" class=\"attachment-large size-large wp-post-image\" alt=\"\" srcset=\"https:\/\/cntetkinlik.com\/wp-content\/uploads\/2025\/01\/tarim-fuari-kapak.jpg 800w, https:\/\/cntetkinlik.com\/wp-content\/uploads\/2025\/01\/tarim-fuari-kapak-300x300.jpg 300w, https:\/\/cntetkinlik.com\/wp-content\/uploads\/2025\/01\/tarim-fuari-kapak-150x150.jpg 150w\" sizes=\"auto, (max-width: 800px) 100vw, 800px\" \/><\/div><div class=\"w-vwrapper usg_vwrapper_1 align_none valign_top\"><h2 class=\"w-post-elm post_title usg_post_title_1 has_text_color entry-title color_link_inherit\">27th International Agriculture Fair &#8211; Innovative Solutions and Success with CNT Event<\/h2><div class=\"w-post-elm post_custom_field usg_post_custom_field_2 has_text_color type_text ingilizce_baslik color_link_inherit\"><span class=\"w-post-elm-value\">27. Uluslararas\u0131 Tar\u0131m Fuar\u0131 \u2013 CNT Etkinlik ile Yenilik\u00e7i \u00c7\u00f6z\u00fcmler ve Ba\u015far\u0131<\/span><\/div><\/div>\t\t<\/div>\r\n\t\t\t<\/article>\r\n\t<article class=\"w-grid-item size_1x1 post-8469 us_portfolio type-us_portfolio status-publish has-post-thumbnail hentry\" data-id=\"8469\">\r\n\t\t<div class=\"w-grid-item-h\">\r\n\t\t\t\t\t\t\t<a href=\"https:\/\/cntetkinlik.com\/en\/etkinlik\/40th-anniversary-celebration-of-nesibe-aydin-schools-by-cnt-events\/\" class=\"w-grid-item-anchor\" aria-label=\"40th Anniversary Celebration of Nesibe Ayd\u0131n Schools &#8211; by CNT Events!\"><\/a>\r\n\t\t\t\t\t\t<div class=\"w-post-elm post_image usg_post_image_1 stretched\"><img loading=\"lazy\" decoding=\"async\" width=\"800\" height=\"800\" src=\"https:\/\/cntetkinlik.com\/wp-content\/uploads\/2025\/01\/nesibe-aydin-kapak.jpg\" class=\"attachment-large size-large wp-post-image\" alt=\"\" srcset=\"https:\/\/cntetkinlik.com\/wp-content\/uploads\/2025\/01\/nesibe-aydin-kapak.jpg 800w, https:\/\/cntetkinlik.com\/wp-content\/uploads\/2025\/01\/nesibe-aydin-kapak-300x300.jpg 300w, https:\/\/cntetkinlik.com\/wp-content\/uploads\/2025\/01\/nesibe-aydin-kapak-150x150.jpg 150w\" sizes=\"auto, (max-width: 800px) 100vw, 800px\" \/><\/div><div class=\"w-vwrapper usg_vwrapper_1 align_none valign_top\"><h2 class=\"w-post-elm post_title usg_post_title_1 has_text_color entry-title color_link_inherit\">40th Anniversary Celebration of Nesibe Ayd\u0131n Schools &#8211; by CNT Events!<\/h2><div class=\"w-post-elm post_custom_field usg_post_custom_field_2 has_text_color type_text ingilizce_baslik color_link_inherit\"><span class=\"w-post-elm-value\">Nesibe Ayd\u0131n Okullar\u0131n\u0131n 40. Y\u0131l Kutlamas\u0131 - CNT Etkinlik \u0130mzas\u0131yla!<\/span><\/div><\/div>\t\t<\/div>\r\n\t\t\t<\/article>\r\n<\/div><div class=\"w-grid-preloader\">\t<div class=\"g-preloader type_2\">\r\n\t\t<div><\/div>\r\n\t<\/div>\r\n\t<\/div>\t\t\t<div class=\"g-loadmore \">\r\n\t\t\t\t<div class=\"g-preloader type_2\">\r\n\t\t\t\t\t<div><\/div>\r\n\t\t\t\t<\/div>\r\n\t\t\t\t<button class=\"w-btn us-btn-style_1\">\r\n\t\t\t\t\t<span class=\"w-btn-label\">Load More<\/span>\r\n\t\t\t\t<\/button>\r\n\t\t\t<\/div>\r\n\t\t\t\t<div class=\"w-grid-json hidden\" onclick='return {&quot;action&quot;:&quot;us_ajax_grid&quot;,&quot;infinite_scroll&quot;:true,&quot;max_num_pages&quot;:2,&quot;pagination&quot;:&quot;ajax&quot;,&quot;template_vars&quot;:{&quot;columns&quot;:&quot;3&quot;,&quot;exclude_items&quot;:&quot;none&quot;,&quot;img_size&quot;:&quot;default&quot;,&quot;ignore_items_size&quot;:0,&quot;items_layout&quot;:&quot;8020&quot;,&quot;items_offset&quot;:&quot;1&quot;,&quot;load_animation&quot;:&quot;none&quot;,&quot;overriding_link&quot;:&quot;%7B%22type%22%3A%22post%22%7D&quot;,&quot;post_id&quot;:0,&quot;query_args&quot;:{&quot;post_type&quot;:[&quot;us_portfolio&quot;],&quot;post_status&quot;:[&quot;publish&quot;,&quot;acf-disabled&quot;],&quot;posts_per_page&quot;:&quot;9&quot;},&quot;orderby_query_args&quot;:{&quot;orderby&quot;:{&quot;date&quot;:&quot;DESC&quot;}},&quot;type&quot;:&quot;grid&quot;,&quot;us_grid_post_type&quot;:&quot;us_portfolio&quot;,&quot;us_grid_ajax_index&quot;:1,&quot;us_grid_filter_params&quot;:[],&quot;us_grid_index&quot;:1,&quot;page_args&quot;:[],&quot;lang&quot;:&quot;en&quot;}}'><\/div>\r\n\t<\/div><\/div><\/div><\/div><\/div><\/section>\n","protected":false},"excerpt":{"rendered":"As CNT Event, we were honored to serve at the 40th anniversary celebration of Nesibe Ayd\u0131n Schools, a pioneering brand in the world of education. In this meaningful organization, we designed and implemented an event that crowns the achievements of Nesibe Ayd\u0131n Schools, which has a deep-rooted history. The event took place in a unique...","protected":false},"author":1,"featured_media":0,"parent":0,"menu_order":0,"comment_status":"closed","ping_status":"closed","template":"","meta":{"_acf_changed":false,"footnotes":""},"class_list":["post-8376","page","type-page","status-publish","hentry"],"acf":[],"_links":{"self":[{"href":"https:\/\/cntetkinlik.com\/en\/wp-json\/wp\/v2\/pages\/8376","targetHints":{"allow":["GET"]}}],"collection":[{"href":"https:\/\/cntetkinlik.com\/en\/wp-json\/wp\/v2\/pages"}],"about":[{"href":"https:\/\/cntetkinlik.com\/en\/wp-json\/wp\/v2\/types\/page"}],"author":[{"embeddable":true,"href":"https:\/\/cntetkinlik.com\/en\/wp-json\/wp\/v2\/users\/1"}],"replies":[{"embeddable":true,"href":"https:\/\/cntetkinlik.com\/en\/wp-json\/wp\/v2\/comments?post=8376"}],"version-history":[{"count":1,"href":"https:\/\/cntetkinlik.com\/en\/wp-json\/wp\/v2\/pages\/8376\/revisions"}],"predecessor-version":[{"id":8378,"href":"https:\/\/cntetkinlik.com\/en\/wp-json\/wp\/v2\/pages\/8376\/revisions\/8378"}],"wp:attachment":[{"href":"https:\/\/cntetkinlik.com\/en\/wp-json\/wp\/v2\/media?parent=8376"}],"curies":[{"name":"wp","href":"https:\/\/api.w.org\/{rel}","templated":true}]}}