{"id":8386,"date":"2019-05-10T14:40:15","date_gmt":"2019-05-10T11:40:15","guid":{"rendered":"https:\/\/cntetkinlik.com\/home\/"},"modified":"2025-01-15T15:45:45","modified_gmt":"2025-01-15T12:45:45","slug":"home","status":"publish","type":"page","link":"https:\/\/cntetkinlik.com\/en\/","title":{"rendered":"Home"},"content":{"rendered":"<section class=\"l-section wpb_row height_auto width_full\"><div class=\"l-section-h i-cf\"><div class=\"g-cols vc_row via_grid cols_1 laptops-cols_inherit tablets-cols_inherit mobiles-cols_1 valign_top type_default stacking_default\"><div class=\"wpb_column vc_column_container\"><div class=\"vc_column-inner\"><div class=\"w-html\"><div id=\"black-bg\">\n\t<div id=\"word-container\"><\/div>\n<\/div>\n\n<script>\n\tvar words = [\"SOUND\", \"LIGHT\", \"MEETING\", \"CONGRESS\", \"CULTURE\", \"ART\", \"FAIR\", \"CONCERT\", \"FESTIVAL\", \"MICE\"];\n\tvar wordContainer = document.getElementById(\"word-container\");\n\tvar blackBg = document.getElementById(\"black-bg\");\n\n\tvar i = 0;\n\tvar interval = setInterval(function() {\n\t\tif (i >= words.length) {\n\t\t\tclearInterval(interval);\n\t\t\tsetTimeout(function() {\n\t\t\t\tblackBg.classList.add(\"hide\");\n\t\t\t}, 250);\n\t\t\treturn;\n\t\t}\n\n\t\twordContainer.innerText = words[i];\n\t\ti++;\n\t}, 250);\n<\/script><\/div><\/div><\/div><\/div><\/div><\/section><section class=\"l-section wpb_row height_auto full_height valign_center color_primary with_img\"><div class=\"l-section-img\" role=\"img\" data-img-width=\"1600\" data-img-height=\"1066\" style=\"background-image: url(https:\/\/cntetkinlik.com\/wp-content\/uploads\/2024\/08\/home-img.jpg);\"><\/div><div class=\"l-section-h i-cf\"><div class=\"g-cols vc_row via_grid cols_1 laptops-cols_inherit tablets-cols_inherit mobiles-cols_1 valign_top type_default stacking_default\"><div class=\"wpb_column vc_column_container\"><div class=\"vc_column-inner\"><div class=\"g-cols wpb_row via_grid cols_1 laptops-cols_inherit tablets-cols_inherit mobiles-cols_1 valign_top type_boxes stacking_default\" style=\"--gap:0rem;\"><div class=\"wpb_column vc_column_container\"><div class=\"vc_column-inner\"><div class=\"wpb_text_column us_custom_0ed46d21\"><div class=\"wpb_wrapper\"><p style=\"text-align: right;\">Artistic Touches<br \/>\nUnforgettable Activities<\/p>\n<\/div><\/div><div class=\"wpb_text_column\"><div class=\"wpb_wrapper\"><p style=\"text-align: right;\">CNT Etkinlik aims to turn every<br \/>\norganization into a unique experience<br \/>\nby transforming your wishes and dreams<br \/>\ninto reality with an artistic touch.<\/p>\n<\/div><\/div><\/div><\/div><\/div><\/div><\/div><\/div><\/div><\/section><section class=\"l-section wpb_row height_custom\"><div class=\"l-section-h i-cf\"><div class=\"g-cols vc_row via_grid cols_1 laptops-cols_inherit tablets-cols_inherit mobiles-cols_1 valign_top type_default stacking_default\"><div class=\"wpb_column vc_column_container\"><div class=\"vc_column-inner\"><div class=\"wpb_text_column\"><div class=\"wpb_wrapper\"><p style=\"text-align: center;\"><strong>Every Event is a Work of Art<\/strong><\/p>\n<\/div><\/div><div class=\"wpb_text_column\"><div class=\"wpb_wrapper\"><h2 style=\"text-align: center;\"><strong>Events<\/strong><\/h2>\n<\/div><\/div><div class=\"w-separator size_custom\" style=\"height:10px\"><\/div><div class=\"wpb_text_column\"><div class=\"wpb_wrapper\"><p style=\"text-align: center;\">CNT Etkinlik aims to turn every organization into a unique experience by transforming<br \/>\nyour wishes and dreams into reality with an artistic touch.<\/p>\n<\/div><\/div><div class=\"w-separator size_medium\"><\/div><div class=\"w-grid type_grid layout_8020 cols_4 ratio_1x1\" id=\"us_grid_1\" style=\"--gap:0.6rem;\" data-filterable=\"true\"><style>@media (max-width:1280px){#us_grid_1 .w-grid-item{width:33.3333%}#us_grid_1 .w-grid-item.size_2x1,#us_grid_1 .w-grid-item.size_2x2{width:66.6667%}}@media (max-width:1024px){#us_grid_1 .w-grid-item{width:50%}#us_grid_1 .w-grid-item.size_2x1,#us_grid_1 .w-grid-item.size_2x2{width:100%}}@media (max-width:600px){#us_grid_1 .w-grid-list{margin:0}#us_grid_1 .w-grid-item{width:100%;padding:0;margin-bottom:var(--gap,0px)}}.layout_8020 .w-grid-item-h:before{padding-bottom:100%}@media (min-width:601px){.layout_8020 .w-grid-item.size_1x2 .w-grid-item-h:before{padding-bottom:calc(200% + var(--gap,0px) * 2)}.layout_8020 .w-grid-item.size_2x1 .w-grid-item-h:before{padding-bottom:calc(50% - var(--gap,0px) * 1)}.layout_8020 .w-grid-item.size_2x2 .w-grid-item-h:before{padding-bottom:calc(100% - var(--gap,0px) * 0)}}.layout_8020 .w-grid-item-h{background:#333}.layout_8020 .usg_post_image_1{transition-duration:0.35s;transform-origin:50% 50%;transform:scale(1) translate(0%,0%)}.layout_8020 .w-grid-item-h:hover .usg_post_image_1{transform:scale(1.1) translate(0%,0%);opacity:0.1}.layout_8020 .usg_post_image_1{position:absolute!important;top:0!important;right:0!important;bottom:0!important;left:0!important}.layout_8020 .usg_vwrapper_1{position:absolute!important;right:0!important;bottom:0!important;left:0!important;background:linear-gradient(transparent,rgba(30,30,30,0.8))!important;padding:4rem 2rem 1.5rem 2rem!important}.layout_8020 .usg_post_title_1{color:#fff!important;font-size:1.2rem!important}.layout_8020 .usg_post_custom_field_1{color:#ffffff!important;font-weight:700!important;margin-bottom:15px!important;padding-bottom:15px!important;border-bottom-width:1px!important;border-color:#ffffff!important;border-bottom-style:solid!important}.layout_8020 .usg_post_custom_field_2{color:#ffffff!important;margin-top:15px!important;padding-top:15px!important;border-top-width:1px!important;border-color:#ffffff!important;border-top-style:solid!important}<\/style><div class=\"w-grid-list\">\t<article class=\"w-grid-item size_1x1 post-8544 us_portfolio type-us_portfolio status-publish has-post-thumbnail hentry\" data-id=\"8544\">\r\n\t\t<div class=\"w-grid-item-h\">\r\n\t\t\t\t\t\t\t<a href=\"https:\/\/cntetkinlik.com\/en\/etkinlik\/international-koru-pregnancy-childbirth-and-puerperium-congress\/\" class=\"w-grid-item-anchor\" aria-label=\"International Koru Pregnancy, Childbirth and Puerperium Congress\"><\/a>\r\n\t\t\t\t\t\t<div class=\"w-post-elm post_image usg_post_image_1 stretched\"><img loading=\"lazy\" decoding=\"async\" width=\"800\" height=\"800\" src=\"https:\/\/cntetkinlik.com\/wp-content\/uploads\/2025\/01\/koru-gebelik-kongresi-img.jpg\" class=\"attachment-large size-large wp-post-image\" alt=\"\" srcset=\"https:\/\/cntetkinlik.com\/wp-content\/uploads\/2025\/01\/koru-gebelik-kongresi-img.jpg 800w, https:\/\/cntetkinlik.com\/wp-content\/uploads\/2025\/01\/koru-gebelik-kongresi-img-300x300.jpg 300w, https:\/\/cntetkinlik.com\/wp-content\/uploads\/2025\/01\/koru-gebelik-kongresi-img-150x150.jpg 150w\" sizes=\"auto, (max-width: 800px) 100vw, 800px\" \/><\/div><div class=\"w-vwrapper usg_vwrapper_1 align_none valign_top\"><div class=\"w-post-elm post_custom_field usg_post_custom_field_1 has_text_color type_text baslik_metin color_link_inherit\"><span class=\"w-post-elm-value\">April 23-26, 2025<\/span><\/div><h2 class=\"w-post-elm post_title usg_post_title_1 has_text_color entry-title color_link_inherit\">International Koru Pregnancy, Childbirth and Puerperium Congress<\/h2><div class=\"w-post-elm post_custom_field usg_post_custom_field_2 has_text_color type_text ingilizce_baslik color_link_inherit\"><span class=\"w-post-elm-value\">Uluslararas\u0131 Koru Gebelik, Do\u011fum ve Lohusal\u0131k Kongresi<\/span><\/div><\/div>\t\t<\/div>\r\n\t\t\t<\/article>\r\n\t<article class=\"w-grid-item size_1x1 post-8542 us_portfolio type-us_portfolio status-publish has-post-thumbnail hentry\" data-id=\"8542\">\r\n\t\t<div class=\"w-grid-item-h\">\r\n\t\t\t\t\t\t\t<a href=\"https:\/\/cntetkinlik.com\/en\/etkinlik\/eastern-mediterranean-career-fair-2024-successfully-completed\/\" class=\"w-grid-item-anchor\" aria-label=\"Eastern Mediterranean Career Fair 2024 Successfully Completed!\"><\/a>\r\n\t\t\t\t\t\t<div class=\"w-post-elm post_image usg_post_image_1 stretched\"><img loading=\"lazy\" decoding=\"async\" width=\"800\" height=\"800\" src=\"https:\/\/cntetkinlik.com\/wp-content\/uploads\/2025\/01\/daf-kapak.jpg\" class=\"attachment-large size-large wp-post-image\" alt=\"\" srcset=\"https:\/\/cntetkinlik.com\/wp-content\/uploads\/2025\/01\/daf-kapak.jpg 800w, https:\/\/cntetkinlik.com\/wp-content\/uploads\/2025\/01\/daf-kapak-300x300.jpg 300w, https:\/\/cntetkinlik.com\/wp-content\/uploads\/2025\/01\/daf-kapak-150x150.jpg 150w\" sizes=\"auto, (max-width: 800px) 100vw, 800px\" \/><\/div><div class=\"w-vwrapper usg_vwrapper_1 align_none valign_top\"><h2 class=\"w-post-elm post_title usg_post_title_1 has_text_color entry-title color_link_inherit\">Eastern Mediterranean Career Fair 2024 Successfully Completed!<\/h2><div class=\"w-post-elm post_custom_field usg_post_custom_field_2 has_text_color type_text ingilizce_baslik color_link_inherit\"><span class=\"w-post-elm-value\">Cumhurba\u015fkanl\u0131\u011f\u0131 \u0130nsan Kaynaklar\u0131 Ofisi Taraf\u0131ndan D\u00fczenlenen  Do\u011fu Akdeniz Kariyer Fuar\u0131 2024 Ba\u015far\u0131yla Tamamland\u0131!<\/span><\/div><\/div>\t\t<\/div>\r\n\t\t\t<\/article>\r\n\t<article class=\"w-grid-item size_1x1 post-8576 us_portfolio type-us_portfolio status-publish has-post-thumbnail hentry\" data-id=\"8576\">\r\n\t\t<div class=\"w-grid-item-h\">\r\n\t\t\t\t\t\t\t<a href=\"https:\/\/cntetkinlik.com\/en\/etkinlik\/congress-of-the-organization-of-turkic-states-a-unique-event-organized-by-cnt\/\" class=\"w-grid-item-anchor\" aria-label=\"Congress of the Organization of Turkic States: A Unique Event Organized by CNT\"><\/a>\r\n\t\t\t\t\t\t<div class=\"w-post-elm post_image usg_post_image_1 stretched\"><img loading=\"lazy\" decoding=\"async\" width=\"800\" height=\"800\" src=\"https:\/\/cntetkinlik.com\/wp-content\/uploads\/2025\/01\/turk-teskilati-kongresi-img.jpg\" class=\"attachment-large size-large wp-post-image\" alt=\"\" srcset=\"https:\/\/cntetkinlik.com\/wp-content\/uploads\/2025\/01\/turk-teskilati-kongresi-img.jpg 800w, https:\/\/cntetkinlik.com\/wp-content\/uploads\/2025\/01\/turk-teskilati-kongresi-img-300x300.jpg 300w, https:\/\/cntetkinlik.com\/wp-content\/uploads\/2025\/01\/turk-teskilati-kongresi-img-150x150.jpg 150w\" sizes=\"auto, (max-width: 800px) 100vw, 800px\" \/><\/div><div class=\"w-vwrapper usg_vwrapper_1 align_none valign_top\"><h2 class=\"w-post-elm post_title usg_post_title_1 has_text_color entry-title color_link_inherit\">Congress of the Organization of Turkic States: A Unique Event Organized by CNT<\/h2><div class=\"w-post-elm post_custom_field usg_post_custom_field_2 has_text_color type_text ingilizce_baslik color_link_inherit\"><span class=\"w-post-elm-value\">T\u00fcrk Devletleri Te\u015fkilat\u0131 Kongresi: CNT\u2019nin D\u00fczenledi\u011fi E\u015fsiz Etkinlik<\/span><\/div><\/div>\t\t<\/div>\r\n\t\t\t<\/article>\r\n\t<article class=\"w-grid-item size_1x1 post-8508 us_portfolio type-us_portfolio status-publish has-post-thumbnail hentry\" data-id=\"8508\">\r\n\t\t<div class=\"w-grid-item-h\">\r\n\t\t\t\t\t\t\t<a href=\"https:\/\/cntetkinlik.com\/en\/etkinlik\/model-satellite-competition-high-flights-with-cnt-event\/\" class=\"w-grid-item-anchor\" aria-label=\"Model Satellite Competition &#8211; High Flights with CNT Event\"><\/a>\r\n\t\t\t\t\t\t<div class=\"w-post-elm post_image usg_post_image_1 stretched\"><img loading=\"lazy\" decoding=\"async\" width=\"800\" height=\"800\" src=\"https:\/\/cntetkinlik.com\/wp-content\/uploads\/2025\/01\/model-uygu-kapak.jpg\" class=\"attachment-large size-large wp-post-image\" alt=\"\" srcset=\"https:\/\/cntetkinlik.com\/wp-content\/uploads\/2025\/01\/model-uygu-kapak.jpg 800w, https:\/\/cntetkinlik.com\/wp-content\/uploads\/2025\/01\/model-uygu-kapak-300x300.jpg 300w, https:\/\/cntetkinlik.com\/wp-content\/uploads\/2025\/01\/model-uygu-kapak-150x150.jpg 150w\" sizes=\"auto, (max-width: 800px) 100vw, 800px\" \/><\/div><div class=\"w-vwrapper usg_vwrapper_1 align_none valign_top\"><h2 class=\"w-post-elm post_title usg_post_title_1 has_text_color entry-title color_link_inherit\">Model Satellite Competition &#8211; High Flights with CNT Event<\/h2><div class=\"w-post-elm post_custom_field usg_post_custom_field_2 has_text_color type_text ingilizce_baslik color_link_inherit\"><span class=\"w-post-elm-value\">T\u00fcrksat Teknofest Model Uydu Yar\u0131\u015fmas\u0131 \u2013 CNT Etkinlik ile Y\u00fcksek U\u00e7u\u015flar<\/span><\/div><\/div>\t\t<\/div>\r\n\t\t\t<\/article>\r\n\t<article class=\"w-grid-item size_1x1 post-8596 us_portfolio type-us_portfolio status-publish has-post-thumbnail hentry\" data-id=\"8596\">\r\n\t\t<div class=\"w-grid-item-h\">\r\n\t\t\t\t\t\t\t<a href=\"https:\/\/cntetkinlik.com\/en\/etkinlik\/ankara-chamber-of-industrys-technological-development-index-of-provinces-event\/\" class=\"w-grid-item-anchor\" aria-label=\"Ankara Chamber of Industry&#8217;s Technological Development Index of Provinces Event\"><\/a>\r\n\t\t\t\t\t\t<div class=\"w-post-elm post_image usg_post_image_1 stretched\"><img loading=\"lazy\" decoding=\"async\" width=\"800\" height=\"800\" src=\"https:\/\/cntetkinlik.com\/wp-content\/uploads\/2025\/01\/aso-img-01.jpg\" class=\"attachment-large size-large wp-post-image\" alt=\"\" srcset=\"https:\/\/cntetkinlik.com\/wp-content\/uploads\/2025\/01\/aso-img-01.jpg 800w, https:\/\/cntetkinlik.com\/wp-content\/uploads\/2025\/01\/aso-img-01-300x300.jpg 300w, https:\/\/cntetkinlik.com\/wp-content\/uploads\/2025\/01\/aso-img-01-150x150.jpg 150w\" sizes=\"auto, (max-width: 800px) 100vw, 800px\" \/><\/div><div class=\"w-vwrapper usg_vwrapper_1 align_none valign_top\"><h2 class=\"w-post-elm post_title usg_post_title_1 has_text_color entry-title color_link_inherit\">Ankara Chamber of Industry&#8217;s Technological Development Index of Provinces Event<\/h2><div class=\"w-post-elm post_custom_field usg_post_custom_field_2 has_text_color type_text ingilizce_baslik color_link_inherit\"><span class=\"w-post-elm-value\">Ankara Sanayi Odas\u0131\u2019n\u0131n \u0130llerin Teknolojik Geli\u015fmi\u015flik Endeksi Etkinli\u011fi<\/span><\/div><\/div>\t\t<\/div>\r\n\t\t\t<\/article>\r\n<\/div><div class=\"w-grid-preloader\">\t<div class=\"g-preloader type_2\">\r\n\t\t<div><\/div>\r\n\t<\/div>\r\n\t<\/div>\t<div class=\"w-grid-json hidden\" onclick='return {&quot;action&quot;:&quot;us_ajax_grid&quot;,&quot;infinite_scroll&quot;:0,&quot;max_num_pages&quot;:3,&quot;pagination&quot;:&quot;none&quot;,&quot;template_vars&quot;:{&quot;columns&quot;:&quot;4&quot;,&quot;exclude_items&quot;:&quot;none&quot;,&quot;img_size&quot;:&quot;default&quot;,&quot;ignore_items_size&quot;:0,&quot;items_layout&quot;:&quot;8020&quot;,&quot;items_offset&quot;:&quot;1&quot;,&quot;load_animation&quot;:&quot;none&quot;,&quot;overriding_link&quot;:&quot;%7B%22type%22%3A%22post%22%7D&quot;,&quot;post_id&quot;:0,&quot;query_args&quot;:{&quot;post_type&quot;:[&quot;us_portfolio&quot;],&quot;post_status&quot;:[&quot;publish&quot;,&quot;acf-disabled&quot;],&quot;posts_per_page&quot;:&quot;5&quot;},&quot;orderby_query_args&quot;:{&quot;orderby&quot;:{&quot;date&quot;:&quot;DESC&quot;}},&quot;type&quot;:&quot;grid&quot;,&quot;us_grid_post_type&quot;:&quot;us_portfolio&quot;,&quot;us_grid_ajax_index&quot;:1,&quot;us_grid_filter_params&quot;:[],&quot;us_grid_index&quot;:1,&quot;page_args&quot;:[],&quot;lang&quot;:&quot;en&quot;}}'><\/div>\r\n\t<\/div><div class=\"w-separator size_medium\"><\/div><div class=\"w-btn-wrapper align_center\"><a class=\"w-btn us-btn-style_3\" href=\"https:\/\/cntetkinlik.com\/en\/events\/\"><span class=\"w-btn-label\">All Events<\/span><\/a><\/div><\/div><\/div><\/div><\/div><\/section><section class=\"l-section wpb_row height_custom full_height valign_center with_img\"><div class=\"l-section-img\" role=\"img\" data-img-width=\"\" data-img-height=\"\" style=\"background-image: url(https:\/\/cntetkinlik.com\/wp-content\/uploads\/2024\/04\/bg-beyaz.svg);\"><\/div><div class=\"l-section-h i-cf\"><div class=\"g-cols vc_row via_grid cols_1 laptops-cols_inherit tablets-cols_inherit mobiles-cols_1 valign_top type_default stacking_default\"><div class=\"wpb_column vc_column_container\"><div class=\"vc_column-inner\"><div class=\"g-cols wpb_row via_grid cols_2 laptops-cols_inherit tablets-cols_inherit mobiles-cols_1 valign_middle type_default stacking_default\" style=\"--gap:3rem;\"><div class=\"wpb_column vc_column_container\"><div class=\"vc_column-inner\"><div class=\"wpb_text_column\"><div class=\"wpb_wrapper\"><h2>Corporate Event<\/h2>\n<\/div><\/div><div class=\"w-separator size_small\"><\/div><div class=\"wpb_text_column\"><div class=\"wpb_wrapper\"><p>With our professional team, we manage your events<br \/>\nsmoothly and impressively,<br \/>\nmaking every detail perfect.<\/p>\n<\/div><\/div><\/div><\/div><div class=\"wpb_column vc_column_container\"><div class=\"vc_column-inner\"><div class=\"w-image align_none\"><div class=\"w-image-h\"><img decoding=\"async\" width=\"800\" height=\"515\" src=\"https:\/\/cntetkinlik.com\/wp-content\/uploads\/2024\/04\/img-03.png\" class=\"attachment-large size-large\" alt=\"\" loading=\"lazy\" srcset=\"https:\/\/cntetkinlik.com\/wp-content\/uploads\/2024\/04\/img-03.png 800w, https:\/\/cntetkinlik.com\/wp-content\/uploads\/2024\/04\/img-03-300x193.png 300w\" sizes=\"auto, (max-width: 800px) 100vw, 800px\" \/><\/div><\/div><\/div><\/div><\/div><\/div><\/div><\/div><\/div><\/section><section class=\"l-section wpb_row height_custom full_height valign_center color_primary with_img\"><div class=\"l-section-img\" role=\"img\" data-img-width=\"\" data-img-height=\"\" style=\"background-image: url(https:\/\/cntetkinlik.com\/wp-content\/uploads\/2024\/04\/bg-siyah.svg);\"><\/div><div class=\"l-section-h i-cf\"><div class=\"g-cols vc_row via_grid cols_1 laptops-cols_inherit tablets-cols_inherit mobiles-cols_1 valign_top type_default stacking_default\"><div class=\"wpb_column vc_column_container\"><div class=\"vc_column-inner\"><div class=\"g-cols wpb_row via_grid cols_2 laptops-cols_inherit tablets-cols_inherit mobiles-cols_1 valign_middle type_default stacking_default\" style=\"--gap:3rem;\"><div class=\"wpb_column vc_column_container\"><div class=\"vc_column-inner\"><div class=\"w-image align_none\"><div class=\"w-image-h\"><img decoding=\"async\" width=\"800\" height=\"515\" src=\"https:\/\/cntetkinlik.com\/wp-content\/uploads\/2024\/04\/img-01.png\" class=\"attachment-large size-large\" alt=\"\" loading=\"lazy\" srcset=\"https:\/\/cntetkinlik.com\/wp-content\/uploads\/2024\/04\/img-01.png 800w, https:\/\/cntetkinlik.com\/wp-content\/uploads\/2024\/04\/img-01-300x193.png 300w\" sizes=\"auto, (max-width: 800px) 100vw, 800px\" \/><\/div><\/div><\/div><\/div><div class=\"wpb_column vc_column_container\"><div class=\"vc_column-inner\"><div class=\"wpb_text_column us_custom_6df4bc3a has_text_color\"><div class=\"wpb_wrapper\"><h2 style=\"text-align: right;\">Art and Culture<\/h2>\n<\/div><\/div><div class=\"w-separator size_small\"><\/div><div class=\"wpb_text_column us_custom_6df4bc3a has_text_color\"><div class=\"wpb_wrapper\"><p style=\"text-align: right;\">We offer unforgettable experiences<br \/>\nby emphasizing creativity and aesthetics<br \/>\nin your art and cultural activities.<\/p>\n<\/div><\/div><\/div><\/div><\/div><\/div><\/div><\/div><\/div><\/section><section class=\"l-section wpb_row height_custom full_height valign_center with_img\"><div class=\"l-section-img\" role=\"img\" data-img-width=\"\" data-img-height=\"\" style=\"background-image: url(https:\/\/cntetkinlik.com\/wp-content\/uploads\/2024\/04\/bg-beyaz.svg);\"><\/div><div class=\"l-section-h i-cf\"><div class=\"g-cols vc_row via_grid cols_1 laptops-cols_inherit tablets-cols_inherit mobiles-cols_1 valign_top type_default stacking_default\"><div class=\"wpb_column vc_column_container\"><div class=\"vc_column-inner\"><div class=\"g-cols wpb_row via_grid cols_2 laptops-cols_inherit tablets-cols_inherit mobiles-cols_1 valign_middle type_default stacking_default\" style=\"--gap:3rem;\"><div class=\"wpb_column vc_column_container\"><div class=\"vc_column-inner\"><div class=\"wpb_text_column\"><div class=\"wpb_wrapper\"><h2>Sound, Light, Visual<br \/>\nSystems<\/h2>\n<\/div><\/div><div class=\"w-separator size_small\"><\/div><div class=\"wpb_text_column\"><div class=\"wpb_wrapper\"><p>We create dynamic and effective<br \/>\norganizations by using innovative technologies and<br \/>\nsystems for your events.<\/p>\n<\/div><\/div><\/div><\/div><div class=\"wpb_column vc_column_container\"><div class=\"vc_column-inner\"><div class=\"w-image align_none\"><div class=\"w-image-h\"><img decoding=\"async\" width=\"800\" height=\"515\" src=\"https:\/\/cntetkinlik.com\/wp-content\/uploads\/2024\/04\/img-02.png\" class=\"attachment-large size-large\" alt=\"\" loading=\"lazy\" srcset=\"https:\/\/cntetkinlik.com\/wp-content\/uploads\/2024\/04\/img-02.png 800w, https:\/\/cntetkinlik.com\/wp-content\/uploads\/2024\/04\/img-02-300x193.png 300w\" sizes=\"auto, (max-width: 800px) 100vw, 800px\" \/><\/div><\/div><\/div><\/div><\/div><\/div><\/div><\/div><\/div><\/section>\n","protected":false},"excerpt":{"rendered":"As CNT, we successfully organized the Ankara Chamber of Industry&#8217;s Technological Development Index of Provinces event. The event, which brought together industry representatives, academics and leading figures from the business world to promote this important study that sheds light on Turkey&#8217;s technological development level, provided an important platform for the future of technology and industry....","protected":false},"author":1,"featured_media":0,"parent":0,"menu_order":0,"comment_status":"closed","ping_status":"closed","template":"","meta":{"_acf_changed":false,"footnotes":""},"class_list":["post-8386","page","type-page","status-publish","hentry"],"acf":[],"_links":{"self":[{"href":"https:\/\/cntetkinlik.com\/en\/wp-json\/wp\/v2\/pages\/8386","targetHints":{"allow":["GET"]}}],"collection":[{"href":"https:\/\/cntetkinlik.com\/en\/wp-json\/wp\/v2\/pages"}],"about":[{"href":"https:\/\/cntetkinlik.com\/en\/wp-json\/wp\/v2\/types\/page"}],"author":[{"embeddable":true,"href":"https:\/\/cntetkinlik.com\/en\/wp-json\/wp\/v2\/users\/1"}],"replies":[{"embeddable":true,"href":"https:\/\/cntetkinlik.com\/en\/wp-json\/wp\/v2\/comments?post=8386"}],"version-history":[{"count":4,"href":"https:\/\/cntetkinlik.com\/en\/wp-json\/wp\/v2\/pages\/8386\/revisions"}],"predecessor-version":[{"id":8437,"href":"https:\/\/cntetkinlik.com\/en\/wp-json\/wp\/v2\/pages\/8386\/revisions\/8437"}],"wp:attachment":[{"href":"https:\/\/cntetkinlik.com\/en\/wp-json\/wp\/v2\/media?parent=8386"}],"curies":[{"name":"wp","href":"https:\/\/api.w.org\/{rel}","templated":true}]}}