{"id":8653,"date":"2024-04-30T14:21:35","date_gmt":"2024-04-30T11:21:35","guid":{"rendered":"https:\/\/cntetkinlik.com\/kvkk-aydinlatma-metni\/"},"modified":"2024-04-30T14:21:35","modified_gmt":"2024-04-30T11:21:35","slug":"kvkk-aydinlatma-metni","status":"publish","type":"page","link":"https:\/\/cntetkinlik.com\/en\/kvkk-aydinlatma-metni\/","title":{"rendered":"KVKK Ayd\u0131nlatma Metni"},"content":{"rendered":"<section class=\"l-section wpb_row height_custom\"><div class=\"l-section-h i-cf\"><div class=\"g-cols vc_row via_grid cols_1 laptops-cols_inherit tablets-cols_inherit mobiles-cols_1 valign_top type_default stacking_default\"><div class=\"wpb_column vc_column_container\"><div class=\"vc_column-inner\"><div class=\"wpb_text_column\"><div class=\"wpb_wrapper\"><h1 style=\"text-align: center;\">KVKK Ayd\u0131nlatma Metni<\/h1>\n<\/div><\/div><div class=\"w-separator size_medium\"><\/div><div class=\"wpb_text_column\"><div class=\"wpb_wrapper\"><p><strong>1. Veri Sorumlusu:<\/strong><br \/>\u015eirketimiz CNT Etkinlik A.\u015e. (\u201cCNT\u201d),taraf\u0131ndan d\u00fczenlenen etkinliklere kat\u0131l\u0131m\u0131n\u0131z kapsam\u0131nda i\u015flenen ki\u015fisel verilerinizin, 6698 say\u0131l\u0131 Ki\u015fisel Verilerin Korunmas\u0131 Kanunu (\u201cKVKK\u201d) ve ilgili mevzuat tam uyum sa\u011flamay\u0131 taahh\u00fct etmektedir.<\/p>\n<p>Bu kapsamda yay\u0131mlanan i\u015fbu Ki\u015fisel Verilerin Kullan\u0131m\u0131 ile \u0130lgili Bildirim (\u201cBildirim\u201d), CNT Etkinlik A.\u015e. (\u201cCNT\u201d) taraf\u0131ndan 6698 say\u0131l\u0131 Ki\u015fisel Verilerin Korunmas\u0131 Kanunu\u2019na (\u201cKanun\u201d) ve hukuki dayana\u011f\u0131n\u0131 Kanun\u2019dan alan ikincil mevzuat olmak \u00fczere T\u00fcrkiye Cumhuriyeti\u2019nde y\u00fcr\u00fcrl\u00fckteki sair mevzuata (\u201cVeri Koruma Mevzuat\u0131\u201d) uygun olarak ger\u00e7ekle\u015ftirmekte oldu\u011fumuz ki\u015fisel verilerinizi i\u015fleme faaliyetlerimize ili\u015fkin olarak \u015fahs\u0131n\u0131z\u0131 ayd\u0131nlatmak maksad\u0131yla haz\u0131rlanm\u0131\u015ft\u0131r.<\/p>\n<p><strong>2. \u0130\u015flenen Ki\u015fisel Veriler ve Y\u00f6ntem:<\/strong><br \/>CNT taraf\u0131ndan d\u00fczenlenen etkinlikler kapsam\u0131nda taraf\u0131n\u0131zca hukuka uygun olarak CNT ile payla\u015f\u0131lm\u0131\u015f olan;<strong> Kimlik Bilgileri<\/strong> (Ad, soyad, TC kimlik numaras\u0131, pasaport bilgileri), <strong>\u0130leti\u015fim Bilgileri<\/strong> (Telefon numaras\u0131, e-posta adresi, a\u00e7\u0131k adres), <strong>Mesleki Bilgiler<\/strong> (Meslek, uzmanl\u0131k alan\u0131, \u00e7al\u0131\u015ft\u0131\u011f\u0131n\u0131z kurum bilgileri), <strong>G\u00f6rsel ve \u0130\u015fitsel Veriler<\/strong> (Foto\u011fraf, video kay\u0131tlar\u0131), <strong>Kat\u0131l\u0131m Bilgileri<\/strong> (Kongre kay\u0131t bilgileri, program tercihleriniz), ve <strong>Finansal Veriler<\/strong> (Fatura bilgileri, \u00f6deme bilgileri) vb. ki\u015fisel verileriniz hukuka uygun olarak i\u015flenecektir. Bu veriler, KVKK\u2019n\u0131n 5. ve 6. maddelerinde belirtilen \u015fu hukuki dayanaklara dayan\u0131larak; s\u00f6zle\u015fmenin ifas\u0131 ile hukuki y\u00fck\u00fcml\u00fcl\u00fcklerin yerine getirilebilmesi i\u00e7in taraf\u0131n\u0131z\u0131n a\u00e7\u0131k r\u0131zan\u0131z\u0131n bulunmas\u0131 ile birlikte kongre ba\u015fvuru formlar\u0131, internet sitesi \u00fczerinden yap\u0131lan kay\u0131tlar, E-posta ve telefon yoluyla ger\u00e7ekle\u015ftirilen ileti\u015fim, etkinlik s\u0131ras\u0131nda al\u0131nan g\u00f6rsel ve i\u015fitsel hay\u0131tlar arac\u0131l\u0131\u011f\u0131yla toplanmaktad\u0131r.<\/p>\n<p><strong>3. Ama\u00e7:<\/strong><br \/>CNT ile payla\u015f\u0131lm\u0131\u015f olan ki\u015fisel verileriniz; ger\u00e7ekle\u015ftirilecek etkinlik organizasyonu ve kat\u0131l\u0131m s\u00fcre\u00e7lerinin y\u00f6netimi, \u00e7al\u0131\u015fmalar\u0131n sa\u011fl\u0131kl\u0131 bir bi\u00e7imde y\u00fcr\u00fct\u00fclebilmesi, etkinlik programlar\u0131n\u0131n haz\u0131rlanmas\u0131 ve kat\u0131l\u0131mc\u0131larla payla\u015f\u0131lmas\u0131, konaklama ve ula\u015f\u0131m d\u00fczenlemelerinin yap\u0131lmas\u0131, \u00f6deme i\u015flemlerinin ger\u00e7ekle\u015ftirilmesi ve faturaland\u0131rmas\u0131, kongre s\u0131ras\u0131nda foto\u011fraf ve video \u00e7ekimlerinin yap\u0131lmas\u0131, yasal ve d\u00fczenleyici y\u00fck\u00fcml\u00fcl\u00fcklerin yerine getirilmesi, kat\u0131l\u0131mc\u0131 memnuniyetine y\u00f6nelik de\u011ferlendirme ve geri bildirim \u00e7al\u0131\u015fmalar\u0131n\u0131n y\u00fcr\u00fct\u00fclmesi ama\u00e7lar\u0131yla i\u015flenecektir. CNT, a\u00e7\u0131k r\u0131zan\u0131z bulunmas\u0131 halinde ileride yap\u0131labilecek organizasyonlara ili\u015fkin bilgi vermek ve sizleri bu organizasyonlara davet edebilmek i\u00e7in iletmi\u015f oldu\u011funuz telefon numaras\u0131 ve e-posta adresi \u00fczerinden de sizinle ileti\u015fime ge\u00e7ebilecektir.<\/p>\n<p><strong>4. Ki\u015fisel Verilerin Aktar\u0131lmas\u0131<\/strong><br \/>Ki\u015fisel verilerinizin bu Bildirim\u2019de yer alan ama\u00e7lar\u0131 ger\u00e7ekle\u015ftirilebilmek maksad\u0131yla, Kanun\u2019un 8 ve 9. maddeleri ile Veri Koruma Mevzuat\u0131\u2019n\u0131n ilgili h\u00fck\u00fcmlerinin izin verdi\u011fi \u00f6l\u00e7\u00fc ve s\u0131n\u0131rlar dahilinde, Kongre organizasyonunda g\u00f6rev alan i\u015f ortaklar\u0131 ve hizmet sa\u011flay\u0131c\u0131lar\u0131yla, talep edilmesi halinde ilgili ve yetkili kamu kurum ve kurulu\u015flar\u0131yla, ilgili i\u015flerin yerine getirilebilmesi amac\u0131yla hizmet almakta oldu\u011fumuz gizlilik y\u00fck\u00fcml\u00fcl\u00fc\u011f\u00fc bulunan tedarik\u00e7ilerimiz ve konaklama ve ula\u015f\u0131m hizmeti sa\u011flay\u0131c\u0131 firmalar ile, veri depolama ve e-posta hizmet sa\u011flay\u0131c\u0131lar\u0131ndan almakta oldu\u011fumuz hizmetlerin gere\u011fi olarak yurtd\u0131\u015f\u0131nda bulunan \u00fc\u00e7\u00fcnc\u00fc ki\u015filere ve yasal y\u00fck\u00fcml\u00fcl\u00fckler kapsam\u0131nda di\u011fer ilgili taraflara aktar\u0131labilece\u011fini bildiririz.<\/p>\n<p>Ki\u015fisel verileriniz, Kanun\u2019un 5. maddesinde an\u0131lan s\u00f6zle\u015fmenin kurulmas\u0131 ve ifa edilmesi i\u00e7in zorunlu olmas\u0131, veri sorumlusu olarak CNT\u2019nin hukuki y\u00fck\u00fcml\u00fcl\u00fc\u011f\u00fcn\u00fc yerine getirmek i\u00e7in zorunlu olmas\u0131 ve CNT\u2019nin me\u015fru menfaatleri i\u00e7in veri i\u015flenmesinin zorunlu olmas\u0131 hukuki sebeplerine ve s\u0131n\u0131rlar\u0131na ba\u011fl\u0131 olarak i\u015flenecektir.<\/p>\n<p><strong>5. \u0130leti\u015fim Bilgileri:<\/strong><br \/>Ki\u015fisel verilerinize ili\u015fkin olarak Kanun\u2019un 11. maddesinden kaynakl\u0131 haklar\u0131n\u0131z\u0131 kullanmak ve detayl\u0131 bilgi i\u00e7in info@cnt.com.tr\u2019ye e-posta g\u00f6ndermek suretiyle ba\u015fvurabilirsiniz.<\/p>\n<p><strong>Sayg\u0131lar\u0131m\u0131zla,<\/strong><br \/><strong>CNT Etkinlik A.\u015e.<\/strong><\/p>\n<\/div><\/div><\/div><\/div><\/div><\/div><\/section>\n","protected":false},"excerpt":{"rendered":"KVKK Ayd\u0131nlatma Metni 1. Veri Sorumlusu:\u015eirketimiz CNT Etkinlik A.\u015e. (\u201cCNT\u201d),taraf\u0131ndan d\u00fczenlenen etkinliklere kat\u0131l\u0131m\u0131n\u0131z kapsam\u0131nda i\u015flenen ki\u015fisel verilerinizin, 6698 say\u0131l\u0131 Ki\u015fisel Verilerin Korunmas\u0131 Kanunu (\u201cKVKK\u201d) ve ilgili mevzuat tam uyum sa\u011flamay\u0131 taahh\u00fct etmektedir. Bu kapsamda yay\u0131mlanan i\u015fbu Ki\u015fisel Verilerin Kullan\u0131m\u0131 ile \u0130lgili Bildirim (\u201cBildirim\u201d), CNT Etkinlik A.\u015e. (\u201cCNT\u201d) taraf\u0131ndan 6698 say\u0131l\u0131 Ki\u015fisel Verilerin Korunmas\u0131 Kanunu\u2019na (\u201cKanun\u201d)...","protected":false},"author":1,"featured_media":0,"parent":0,"menu_order":0,"comment_status":"closed","ping_status":"open","template":"","meta":{"_acf_changed":false,"footnotes":""},"class_list":["post-8653","page","type-page","status-publish","hentry"],"acf":[],"_links":{"self":[{"href":"https:\/\/cntetkinlik.com\/en\/wp-json\/wp\/v2\/pages\/8653","targetHints":{"allow":["GET"]}}],"collection":[{"href":"https:\/\/cntetkinlik.com\/en\/wp-json\/wp\/v2\/pages"}],"about":[{"href":"https:\/\/cntetkinlik.com\/en\/wp-json\/wp\/v2\/types\/page"}],"author":[{"embeddable":true,"href":"https:\/\/cntetkinlik.com\/en\/wp-json\/wp\/v2\/users\/1"}],"replies":[{"embeddable":true,"href":"https:\/\/cntetkinlik.com\/en\/wp-json\/wp\/v2\/comments?post=8653"}],"version-history":[{"count":0,"href":"https:\/\/cntetkinlik.com\/en\/wp-json\/wp\/v2\/pages\/8653\/revisions"}],"wp:attachment":[{"href":"https:\/\/cntetkinlik.com\/en\/wp-json\/wp\/v2\/media?parent=8653"}],"curies":[{"name":"wp","href":"https:\/\/api.w.org\/{rel}","templated":true}]}}